{"id":73,"date":"2025-05-16T15:29:11","date_gmt":"2025-05-16T13:29:11","guid":{"rendered":"http:\/\/glassy.cloud\/?page_id=73"},"modified":"2026-03-02T11:32:19","modified_gmt":"2026-03-02T10:32:19","slug":"anciens-numeros","status":"publish","type":"page","link":"https:\/\/glassy.cloud\/index.php\/anciens-numeros\/","title":{"rendered":"Anciens num\u00e9ros"},"content":{"rendered":"\n<div class=\"wp-block-media-text is-stacked-on-mobile\" style=\"grid-template-columns:30% auto\"><figure class=\"wp-block-media-text__media\"><img loading=\"lazy\" decoding=\"async\" width=\"729\" height=\"1024\" src=\"https:\/\/glassy.cloud\/wp-content\/uploads\/2025\/11\/couve-G2-729x1024.png\" alt=\"\" class=\"wp-image-507 size-full\" srcset=\"https:\/\/glassy.cloud\/wp-content\/uploads\/2025\/11\/couve-G2-729x1024.png 729w, https:\/\/glassy.cloud\/wp-content\/uploads\/2025\/11\/couve-G2-214x300.png 214w, https:\/\/glassy.cloud\/wp-content\/uploads\/2025\/11\/couve-G2-768x1079.png 768w, https:\/\/glassy.cloud\/wp-content\/uploads\/2025\/11\/couve-G2-1094x1536.png 1094w, https:\/\/glassy.cloud\/wp-content\/uploads\/2025\/11\/couve-G2.png 1271w\" sizes=\"auto, (max-width: 729px) 100vw, 729px\" \/><\/figure><div class=\"wp-block-media-text__content\">\n<p><strong>AU SOMMAIRE DE GLASSY VOL.2<\/strong> : Soutenabilit\u00e9,<mark style=\"background-color:rgba(0, 0, 0, 0)\" class=\"has-inline-color has-black-color\"> qualit\u00e9 de fabrication, climat, green-techs, l\u2019\u00eele de R\u00e9 d\u2019Antoine Albeau, r\u00e9paration de combis, usine Brainchild, compensation carbone, comment chier \u00e0 la plage, acheter un parapente d\u2019occasion, p\u00e9dago foilslide, secrets de pumpfoil, reportage flou au gwa, itw de champion du monde. <\/mark>190 pages de journalisme et de glisse en compagnie de 35 champions du monde !<\/p>\n\n\n\n<p><a href=\"https:\/\/glassy.cloud\/index.php\/3d-flip-book\/glassy-vol-2\/\">Cliquez ici pour <strong>lire<\/strong> GLASSY Vol.1 en basse def<\/a> ou <strong>en HD<\/strong>. <a href=\"https:\/\/glassy.cloud\/wp-content\/uploads\/2025\/12\/Glassy-Vol.2-FULL-hd.pdf\">Cliquez ici pour t\u00e9l\u00e9charger GLASSY VOL.2 en HD<\/a><\/p>\n<\/div><\/div>\n\n\n\n<div class=\"wp-block-media-text is-stacked-on-mobile\" style=\"grid-template-columns:30% auto\"><figure class=\"wp-block-media-text__media\"><img loading=\"lazy\" decoding=\"async\" width=\"722\" height=\"1024\" src=\"https:\/\/glassy.cloud\/wp-content\/uploads\/2025\/07\/couv-722x1024.jpg\" alt=\"\" class=\"wp-image-361 size-full\" srcset=\"https:\/\/glassy.cloud\/wp-content\/uploads\/2025\/07\/couv-722x1024.jpg 722w, https:\/\/glassy.cloud\/wp-content\/uploads\/2025\/07\/couv-211x300.jpg 211w, https:\/\/glassy.cloud\/wp-content\/uploads\/2025\/07\/couv-768x1090.jpg 768w, https:\/\/glassy.cloud\/wp-content\/uploads\/2025\/07\/couv-1082x1536.jpg 1082w, https:\/\/glassy.cloud\/wp-content\/uploads\/2025\/07\/couv.jpg 1253w\" sizes=\"auto, (max-width: 722px) 100vw, 722px\" \/><\/figure><div class=\"wp-block-media-text__content\">\n<p><strong>AU SOMMAIRE DE GLASSY VOL.1<\/strong> : M\u00e9t\u00e9o, Parakite, Parawing, P\u00e9dago, Switch stance, Kitetrip solo, Test d\u2019ailerons tunnel, Championne du monde, La glisse et les femmes, Entra\u00eeneure nationale, Yoga ride, Faire son tiki, Bosser dans les m\u00e9dias, Calage et incidence d\u2019un profil, Tricks, Sens marin et de belles photos. 154 pages oklm. Bonne glisse! <\/p>\n\n\n\n<p><a href=\"https:\/\/glassy.cloud\/index.php\/3d-flip-book\/glassy-vol1-hd\/\"><strong>Cliquez ici pour lire <\/strong>GLASSY Vol.1 en HD<\/a> ou <a href=\"https:\/\/glassy.cloud\/index.php\/3d-flip-book\/glassy1\/\">en basse def<\/a> <a href=\"https:\/\/glassy.cloud\/wp-content\/uploads\/2025\/10\/GlassyVol1-HD.pdf\"><strong>Cliquez ici pour t\u00e9l\u00e9charger<\/strong> GLASSY VOL.1 en HD<\/a><\/p>\n<\/div><\/div>\n\n\n\n<p><\/p>\n\n\n\n<p><\/p>\n","protected":false},"excerpt":{"rendered":"<div class=\"mh-excerpt\"><p>AU SOMMAIRE DE GLASSY VOL.2 : Soutenabilit\u00e9, qualit\u00e9 de fabrication, climat, green-techs, l\u2019\u00eele de R\u00e9 d\u2019Antoine Albeau, r\u00e9paration de combis, usine Brainchild, compensation carbone, comment <a class=\"mh-excerpt-more\" href=\"https:\/\/glassy.cloud\/index.php\/anciens-numeros\/\" title=\"Anciens num\u00e9ros\">[&#8230;]<\/a><\/p>\n<\/div>","protected":false},"author":1,"featured_media":0,"parent":0,"menu_order":0,"comment_status":"open","ping_status":"closed","template":"","meta":{"footnotes":""},"class_list":["post-73","page","type-page","status-publish","hentry"],"_links":{"self":[{"href":"https:\/\/glassy.cloud\/index.php\/wp-json\/wp\/v2\/pages\/73","targetHints":{"allow":["GET"]}}],"collection":[{"href":"https:\/\/glassy.cloud\/index.php\/wp-json\/wp\/v2\/pages"}],"about":[{"href":"https:\/\/glassy.cloud\/index.php\/wp-json\/wp\/v2\/types\/page"}],"author":[{"embeddable":true,"href":"https:\/\/glassy.cloud\/index.php\/wp-json\/wp\/v2\/users\/1"}],"replies":[{"embeddable":true,"href":"https:\/\/glassy.cloud\/index.php\/wp-json\/wp\/v2\/comments?post=73"}],"version-history":[{"count":10,"href":"https:\/\/glassy.cloud\/index.php\/wp-json\/wp\/v2\/pages\/73\/revisions"}],"predecessor-version":[{"id":749,"href":"https:\/\/glassy.cloud\/index.php\/wp-json\/wp\/v2\/pages\/73\/revisions\/749"}],"wp:attachment":[{"href":"https:\/\/glassy.cloud\/index.php\/wp-json\/wp\/v2\/media?parent=73"}],"curies":[{"name":"wp","href":"https:\/\/api.w.org\/{rel}","templated":true}]}}